{"id":805,"date":"2016-07-29T20:48:15","date_gmt":"2016-07-29T18:48:15","guid":{"rendered":"http:\/\/ipa-betzdorf.de\/?page_id=805"},"modified":"2025-08-09T14:56:01","modified_gmt":"2025-08-09T12:56:01","slug":"landschaft","status":"publish","type":"page","link":"https:\/\/ipa-betzdorf.de\/?page_id=805","title":{"rendered":"Landschaft"},"content":{"rendered":"\n<p><strong>Zur Lage:<\/strong><br>\nDer Landkreis Altenkirchen liegt als n\u00f6rdlichster Kreis des Landes Rheinland-Pfalz zentral in der Bundesrepublik Deutschland. Landschaftlich geh\u00f6rt der \u00fcberwiegende Teil der Kreisfl\u00e4che zum geographischen Westerwald. Die gr\u00f6\u00dften Orte im Landkreis Altenkirchen liegen an Sieg und Heller. Dort wurde traditionell Eisenerz gef\u00f6rdert. Das Landschaftsbild im Kreis Altenkirchen ist von sanften H\u00fcgeln und gro\u00dfem Waldreichtum gepr\u00e4gt.<\/p>\n\n\n\n<p><strong>Zur Industrie damals:<\/strong><br>\nIn fr\u00fcheren Jahren war das d\u00f6rfliche Bild von der Landwirtschaft gepr\u00e4gt. Neben seinem Beruf als Bergmann oder Steinbrucharbeiter war der Westerw\u00e4lder bis Mitte der 60-er Jahre meist auch noch Nebenerwerbslandwirt.<br>\nMit der zunehmenden Industrialisierung wandelten sich auch St\u00e4dte und Gemeinden. In den letzten Jahren hat sich der Kreis zu einem attraktiven Erholungsgebiet entwickelt.<\/p>\n\n\n\n<p><strong>Eine Vielfalt von M\u00f6glichkeiten:<\/strong><br>\nEs bieten sich viele M\u00f6glichkeiten zu einem Aktivurlaub. In erster Linie l\u00e4dt der Westerwald mit seinen ausgiebigen Waldlandschaften zu Wanderungen und Fahrradtouren ein. Dabei bieten sich vielf\u00e4ltige M\u00f6glichkeiten, zahlreiche Naturdenkm\u00e4ler zu besichtigen.<br>\nViele Orte bieten allerdings auch die Gelegenheit zu anderen sportlichen Aktivit\u00e4ten, wie Schwimmen, Tennis, Reiten, Squash.<br>\nHighlights k\u00f6nnen dabei Fahrten mit dem &#8222;Grubenexpress&#8220; der Grube Bindweide oder mit historischen Schienenfahrzeugen auf der Westerwaldbahn sein.<br>\nWeiterhin gibt es einige sehenswerte Museen:<br>\nUnter anderem und allen voran, das Besucherbergwerk \u201cGrube Bindweide\u201d. Hier kann man Untertage fahren und sehen wie der Bergmann fr\u00fcher gearbeitet hat. Oder das Motorrad- und Technik-Museum in Steinebach sowie das Bergbaumuseum in Sassenroth bei Herdorf-Sieg.<\/p>\n\n\n\n<figure class=\"wp-block-embed is-type-video is-provider-youtube wp-block-embed-youtube wp-embed-aspect-16-9 wp-has-aspect-ratio\"><div class=\"wp-block-embed__wrapper\">\n<iframe loading=\"lazy\" title=\"Der Kreis Altenkirchen von oben\" width=\"840\" height=\"473\" src=\"https:\/\/www.youtube.com\/embed\/JWuvkDD_L30?feature=oembed\" frameborder=\"0\" allow=\"accelerometer; autoplay; clipboard-write; encrypted-media; gyroscope; picture-in-picture; web-share\" referrerpolicy=\"strict-origin-when-cross-origin\" allowfullscreen><\/iframe>\n<\/div><\/figure>\n\n\n\n<p><em>Herzlich willkommen im Landkreis Altenkirchen im Herzen von Deutschland und Europa! Kommen Sie mit auf einen Rundflug \u00fcber eine Region, in der Wirtschaft und Industrie auf der einen sowie Natur und Erholung auf der anderen Seite keine Gegens\u00e4tze sind. Zwischen den Autobahnen 3 im Westerwald und 45 im Siegerland leben rund 130.000 Menschen, es ist zugleich die Heimat von vielen bedeutenden, vor allem aber mittelst\u00e4ndisch gepr\u00e4gten Unternehmen. Zugleich gibt es hier unz\u00e4hlige R\u00fcckzugs- und Freizeitm\u00f6glichkeiten &#8211; ob nun entlang der Fl\u00fcsse und B\u00e4che oder auf dicht bewaldeten H\u00f6henz\u00fcgen. Etliche Kulturdenkm\u00e4ler laden zu einer n\u00e4heren Erkundung ein. Entdecken Sie den Kreis Altenkirchen aus ganz neuen Perspektiven &#8211; und kommen Sie doch einfach mal vorbei!<\/em><\/p>\n","protected":false},"excerpt":{"rendered":"<p>Zur Lage: Der Landkreis Altenkirchen liegt als n\u00f6rdlichster Kreis des Landes Rheinland-Pfalz zentral in der Bundesrepublik Deutschland. Landschaftlich geh\u00f6rt der \u00fcberwiegende Teil der Kreisfl\u00e4che zum geographischen Westerwald. Die gr\u00f6\u00dften Orte im Landkreis Altenkirchen liegen an Sieg und Heller. Dort wurde traditionell Eisenerz gef\u00f6rdert. Das Landschaftsbild im Kreis Altenkirchen ist von sanften H\u00fcgeln und gro\u00dfem Waldreichtum &hellip; <a href=\"https:\/\/ipa-betzdorf.de\/?page_id=805\" class=\"more-link\"><span class=\"screen-reader-text\">\u201eLandschaft\u201c <\/span>weiterlesen<\/a><\/p>\n","protected":false},"author":1,"featured_media":0,"parent":0,"menu_order":0,"comment_status":"closed","ping_status":"closed","template":"","meta":{"footnotes":""},"class_list":["post-805","page","type-page","status-publish","hentry"],"_links":{"self":[{"href":"https:\/\/ipa-betzdorf.de\/index.php?rest_route=\/wp\/v2\/pages\/805","targetHints":{"allow":["GET"]}}],"collection":[{"href":"https:\/\/ipa-betzdorf.de\/index.php?rest_route=\/wp\/v2\/pages"}],"about":[{"href":"https:\/\/ipa-betzdorf.de\/index.php?rest_route=\/wp\/v2\/types\/page"}],"author":[{"embeddable":true,"href":"https:\/\/ipa-betzdorf.de\/index.php?rest_route=\/wp\/v2\/users\/1"}],"replies":[{"embeddable":true,"href":"https:\/\/ipa-betzdorf.de\/index.php?rest_route=%2Fwp%2Fv2%2Fcomments&post=805"}],"version-history":[{"count":10,"href":"https:\/\/ipa-betzdorf.de\/index.php?rest_route=\/wp\/v2\/pages\/805\/revisions"}],"predecessor-version":[{"id":2997,"href":"https:\/\/ipa-betzdorf.de\/index.php?rest_route=\/wp\/v2\/pages\/805\/revisions\/2997"}],"wp:attachment":[{"href":"https:\/\/ipa-betzdorf.de\/index.php?rest_route=%2Fwp%2Fv2%2Fmedia&parent=805"}],"curies":[{"name":"wp","href":"https:\/\/api.w.org\/{rel}","templated":true}]}}