{"id":1872,"date":"2019-05-07T12:20:10","date_gmt":"2019-05-07T10:20:10","guid":{"rendered":"https:\/\/ipa-betzdorf.de\/?page_id=1872"},"modified":"2024-11-16T11:35:41","modified_gmt":"2024-11-16T10:35:41","slug":"mitglied-werden","status":"publish","type":"page","link":"https:\/\/ipa-betzdorf.de\/?page_id=1872","title":{"rendered":"Mitglied werden"},"content":{"rendered":"\n<p class=\"is-style-text-subtitle\">Werde jetzt Teil der IPA\u00a0Deutsch\u00adland<\/p>\n\n\n\n<p>Die International Police Association ist eine Freundschaftsorganisation f\u00fcr Angeh\u00f6rige der Polizei, ob im Dienst oder im Ruhestand, ohne Unterschied von Rang, Position, Geschlecht, Herkunft, Sprache oder Religion. Wir haben rund 372.000 Mitglieder in fast 100 L\u00e4ndern, von denen 69 nationale Sektionen angeschlossen sind, und wir sind auf 6 Kontinenten vertreten. Werde jetzt Teil der IPA Familie!<\/p>\n\n\n\n<p class=\"is-style-text-subtitle\">Wer kann Mitglied werden?<\/p>\n\n\n\n<p>Ordentliches Mitglied kann jeder Polizeibedienstete (Beamte, Angestellte und Arbeiter) der im aktiven Dienst, ausschlie\u00dflich solcher Beh\u00f6rden und Einrichtungen steht, die polizeiliche Aufgaben erf\u00fcllen.<\/p>\n\n\n\n<p class=\"is-style-text-subtitle\">Wie kann ich Mitglied werden?<\/p>\n\n\n\n<p>Einfach den <strong><a href=\"https:\/\/www.ipa-verwaltung.de\/Public\/MakeNewExternalRegistration\/job\/register\" data-type=\"link\" data-id=\"https:\/\/www.ipa-verwaltung.de\/Public\/MakeNewExternalRegistration\/job\/register\">Online-Antrag<\/a><\/strong> ausf\u00fcllen und die \u00f6rtliche Verbindungsstelle pr\u00fcft die Voraussetzungen einer Mitgliedschaft.<br><br>Sofern Du Deinen Antrag auf IPA-Mitgliedschaft nicht online beantragen m\u00f6chtest, kannst Du hier das\u00a0<strong><a href=\"https:\/\/ipa-deutschland.de\/wp-content\/uploads\/2024\/04\/Aufnahmeantrag-IPA-DS-2024_04_v1.pdf\" target=\"_blank\" rel=\"noreferrer noopener\">Antragsformular direkt herunterladen<\/a><\/strong>, ausf\u00fcllen und an Deine Verbindungsstelle per Mail oder Post zusenden.<\/p>\n\n\n\n<p class=\"is-style-text-subtitle\">Was kostet die Mitgliedschaft?<\/p>\n\n\n\n<p>Der Mitgliedsbeitrag betr\u00e4gt \u20ac 30,\u2013 pro Jahr. Er wird j\u00e4hrlich von den Verbindungsstellen erhoben.<\/p>\n\n\n\n<p class=\"is-style-text-subtitle\">Bekomme ich einen Mitgliederausweis?<\/p>\n\n\n\n<p>Der Mitgliedsausweis wird j\u00e4hrlich von der \u00f6rtlichen Verbindungsstelle zur Verf\u00fcgung gestellt. Ein Digitaler Mitgliedsausweis ist auch verf\u00fcgbar.<\/p>\n\n\n\n<p>Eine Aufnahmegeb\u00fchr wird nicht erhoben. Jedes Mitglied erh\u00e4lt eine Membership Card und eine Auto-Vignette. Sie sind ein Jahr g\u00fcltig. Die vom Bundesvorstand herausgegebene Zeitschrift \u201eIPA aktuell\u201c erscheint viermal j\u00e4hrlich und ist die offizielle Informations- und Mitteilungszeitschrift der Deutschen Sektion. Einfach das <a href=\"https:\/\/www.ipa-verwaltung.de\/Public\/MakeNewExternalRegistration\/job\/register\">Formular der Deutschen Sektion<\/a> ausf\u00fcllen, und kontaktiert lassen.<\/p>\n","protected":false},"excerpt":{"rendered":"<p>Werde jetzt Teil der IPA\u00a0Deutsch\u00adland Die International Police Association ist eine Freundschaftsorganisation f\u00fcr Angeh\u00f6rige der Polizei, ob im Dienst oder im Ruhestand, ohne Unterschied von Rang, Position, Geschlecht, Herkunft, Sprache oder Religion. Wir haben rund 372.000 Mitglieder in fast 100 L\u00e4ndern, von denen 69 nationale Sektionen angeschlossen sind, und wir sind auf 6 Kontinenten vertreten. &hellip; <a href=\"https:\/\/ipa-betzdorf.de\/?page_id=1872\" class=\"more-link\"><span class=\"screen-reader-text\">\u201eMitglied werden\u201c <\/span>weiterlesen<\/a><\/p>\n","protected":false},"author":1,"featured_media":0,"parent":0,"menu_order":0,"comment_status":"closed","ping_status":"closed","template":"","meta":{"footnotes":""},"class_list":["post-1872","page","type-page","status-publish","hentry"],"_links":{"self":[{"href":"https:\/\/ipa-betzdorf.de\/index.php?rest_route=\/wp\/v2\/pages\/1872","targetHints":{"allow":["GET"]}}],"collection":[{"href":"https:\/\/ipa-betzdorf.de\/index.php?rest_route=\/wp\/v2\/pages"}],"about":[{"href":"https:\/\/ipa-betzdorf.de\/index.php?rest_route=\/wp\/v2\/types\/page"}],"author":[{"embeddable":true,"href":"https:\/\/ipa-betzdorf.de\/index.php?rest_route=\/wp\/v2\/users\/1"}],"replies":[{"embeddable":true,"href":"https:\/\/ipa-betzdorf.de\/index.php?rest_route=%2Fwp%2Fv2%2Fcomments&post=1872"}],"version-history":[{"count":6,"href":"https:\/\/ipa-betzdorf.de\/index.php?rest_route=\/wp\/v2\/pages\/1872\/revisions"}],"predecessor-version":[{"id":2941,"href":"https:\/\/ipa-betzdorf.de\/index.php?rest_route=\/wp\/v2\/pages\/1872\/revisions\/2941"}],"wp:attachment":[{"href":"https:\/\/ipa-betzdorf.de\/index.php?rest_route=%2Fwp%2Fv2%2Fmedia&parent=1872"}],"curies":[{"name":"wp","href":"https:\/\/api.w.org\/{rel}","templated":true}]}}